{"id":11821,"date":"2024-04-24T12:14:48","date_gmt":"2024-04-24T12:14:48","guid":{"rendered":"https:\/\/reatestside.dk\/cookie-und-datenschutzrichtlinie\/"},"modified":"2024-06-07T07:12:26","modified_gmt":"2024-06-07T07:12:26","slug":"cookie-und-datenschutzrichtlinie","status":"publish","type":"page","link":"https:\/\/reatestside.dk\/de\/cookie-und-datenschutzrichtlinie\/","title":{"rendered":"Cookie- und Datenschutzrichtlinie"},"content":{"rendered":"\t\t<div data-elementor-type=\"wp-page\" data-elementor-id=\"11821\" class=\"elementor elementor-11821 elementor-5848\" data-elementor-post-type=\"page\">\n\t\t\t\t<div class=\"elementor-element elementor-element-ed15c43 e-flex e-con-boxed e-con e-parent\" data-id=\"ed15c43\" data-element_type=\"container\" data-e-type=\"container\">\n\t\t\t\t\t<div class=\"e-con-inner\">\n\t\t\t\t<div class=\"elementor-element elementor-element-8ee0f95 elementor-widget elementor-widget-heading\" data-id=\"8ee0f95\" data-element_type=\"widget\" data-e-type=\"widget\" data-widget_type=\"heading.default\">\n\t\t\t\t<div class=\"elementor-widget-container\">\n\t\t\t\t\t<h2 class=\"elementor-heading-title elementor-size-default\">Cookie- und Datenschutzrichtlinie bei REA<\/h2>\t\t\t\t<\/div>\n\t\t\t\t<\/div>\n\t\t\t\t<div class=\"elementor-element elementor-element-b26b2e4 elementor-widget elementor-widget-text-editor\" data-id=\"b26b2e4\" data-element_type=\"widget\" data-e-type=\"widget\" data-widget_type=\"text-editor.default\">\n\t\t\t\t<div class=\"elementor-widget-container\">\n\t\t\t\t\t\t\t\t\t<p><strong style=\"color: var( --e-global-color-text ); font-family: var( --e-global-typography-text-font-family ), Sans-serif; font-size: var( --e-global-typography-text-font-size ); text-align: var(--text-align);\"><br \/>Einleitung<\/strong>Wenn Sie unsere Website besuchen, werden Informationen \u00fcber Sie gesammelt, die dazu dienen, unsere Inhalte zu personalisieren und zu verbessern und den Wert der auf der Website angezeigten Anzeigen zu erh\u00f6hen.<strong style=\"color: var( --e-global-color-text ); font-family: var( --e-global-typography-text-font-family ), Sans-serif; font-size: var( --e-global-typography-text-font-size ); text-align: var(--text-align);\"><\/strong> Wenn Sie nicht m\u00f6chten, dass Informationen gesammelt werden, sollten Sie Ihre Cookies l\u00f6schen. Nachfolgend haben wir erl\u00e4utert, welche Informationen gesammelt werden, zu welchem Zweck und welche Dritten Zugang zu diesen Informationen haben.<\/p>\n<p><strong>Cookies<\/strong><br \/>Die Website verwendet &#8222;Cookies&#8220;, d.h. eine Textdatei, die auf Ihrem Computer, Ihrem Mobiltelefon oder einem \u00e4hnlichen Ger\u00e4t gespeichert wird, um es wiederzuerkennen, sich an Einstellungen zu erinnern, Statistiken zu erstellen und Werbung zu schalten. Cookies k\u00f6nnen keinen b\u00f6sartigen Code wie z.B. Viren enthalten.<\/p>\n<p>Es ist m\u00f6glich, Cookies zu l\u00f6schen oder zu blockieren. Siehe den Leitfaden: <a href=\"http:\/\/minecookies.org\/cookiehandtering\">http:\/\/minecookies.org\/cookiehandtering<\/a><\/p>\n<p>Wenn Sie Cookies l\u00f6schen oder blockieren, kann es sein, dass die Werbung f\u00fcr Sie weniger relevant ist.<\/p>\n<p>Die Website enth\u00e4lt Cookies von Drittanbietern, die in unterschiedlichem Umfang enthalten k\u00f6nnen:<\/p>\n<ul>\n<li>Google-Analysen<\/li>\n<li>Google Tag Manager<\/li>\n<li>LinkedIn\n<p><\/li>\n<\/ul>\n<p><strong>Pers\u00f6nliche Daten<\/strong><\/p>\n<p><strong>Im Allgemeinen<\/strong><br \/>Personenbezogene Daten sind Informationen, die in gewissem Ma\u00dfe auf Sie zur\u00fcckgef\u00fchrt werden k\u00f6nnen. Wenn Sie unsere Website nutzen, sammeln und verarbeiten wir eine Reihe solcher Informationen. Dies geschieht z.B. beim Zugriff auf Inhalte, beim Einholen eines Angebots, beim Herunterladen von der Website oder bei der Nutzung anderer Dienste.<\/p>\n<p>Wir erfassen und verarbeiten in der Regel die folgenden Arten von Daten: Eine eindeutige ID und technische Informationen \u00fcber Ihren Computer, Ihr Tablet oder Ihr Mobiltelefon, Ihre IP-Nummer, Ihren geografischen Standort und die Seiten, die Sie anklicken (Interessen). Sofern Sie dem ausdr\u00fccklich zustimmen und die Informationen selbst eingeben, werden diese auch verarbeitet: Name, Telefonnummer, E-Mail, Adresse. Dies geschieht in der Regel im Zusammenhang mit der Einholung von Angeboten.<\/p>\n<p><b>Sicherheit und Schutz<\/b><br \/>Wir verarbeiten Ihre pers\u00f6nlichen Daten sicher und vertraulich in \u00dcbereinstimmung mit der geltenden Gesetzgebung, einschlie\u00dflich der General Data Protection Regulation und dem Data Protection Act.<\/p>\n<p>Ihre Daten werden nur f\u00fcr den Zweck verwendet, f\u00fcr den sie erhoben wurden, und werden gel\u00f6scht, wenn dieser Zweck erf\u00fcllt oder nicht mehr relevant ist.<\/p>\n<p>Wir haben technische und organisatorische Ma\u00dfnahmen ergriffen, um zu verhindern, dass Ihre Daten versehentlich oder unrechtm\u00e4\u00dfig gel\u00f6scht, ver\u00f6ffentlicht, verloren, beeintr\u00e4chtigt oder an Unbefugte weitergegeben, missbraucht oder anderweitig gesetzeswidrig verarbeitet werden.<\/p>\n<p><b>Zweck<\/b><br \/>Die Daten werden verwendet, um Sie als Nutzer zu identifizieren und Ihnen die Anzeigen zu zeigen, die am ehesten f\u00fcr Sie relevant sind, um Ihre Anfragen zu registrieren und um die von Ihnen angeforderten Dienstleistungen zu erbringen, wie z.B. die Kontaktaufnahme. Wir verwenden die Informationen auch, um unsere Dienste und Inhalte zu optimieren.<\/p>\n<p><b><br \/>Speicherdauer<\/b>Die Daten werden f\u00fcr den gesetzlich zul\u00e4ssigen Zeitraum gespeichert und wir l\u00f6schen sie, wenn sie nicht mehr erforderlich sind.<b><\/b> Der Zeitraum h\u00e4ngt von der Art der Informationen und dem Grund f\u00fcr die Speicherung ab. Daher ist es nicht m\u00f6glich, einen allgemeinen Zeitrahmen f\u00fcr die L\u00f6schung von Informationen anzugeben.<\/p>\n<p><b><br \/>Weitergabe von Informationen<\/b>Daten \u00fcber Ihre Nutzung der Website, welche Anzeigen Sie erhalten und m\u00f6glicherweise anklicken, geografischer Standort, Geschlecht und Altersgruppe usw. werden an Dritte weitergegeben, soweit diese Informationen bekannt sind.<b><\/b> Um welche Drittanbieter es sich dabei handelt, erfahren Sie im Abschnitt &#8222;Cookies&#8220; weiter oben. Die Daten werden nur f\u00fcr gezielte Werbung verwendet.<\/p>\n<p>Die Weitergabe von pers\u00f6nlichen Daten wie Name und E-Mail usw. erfolgt nur, wenn Sie dem zustimmen. Wir verwenden nur Datenverarbeiter in der EU oder in L\u00e4ndern, die einen angemessenen Schutz f\u00fcr Ihre Daten bieten k\u00f6nnen.<\/p>\n<p><b><br \/>Einsicht und Beschwerden<\/b>Sie haben das Recht zu erfahren, welche personenbezogenen Daten wir \u00fcber Sie in einem g\u00e4ngigen Format verarbeiten.<b><\/b> Sie k\u00f6nnen der Verwendung der Daten auch jederzeit widersprechen. Sie k\u00f6nnen Ihre Zustimmung auch widerrufen<span style=\"color: var( --e-global-color-text ); font-family: var( --e-global-typography-text-font-family ), Sans-serif; font-size: var( --e-global-typography-text-font-size ); font-weight: var( --e-global-typography-text-font-weight ); text-align: var(--text-align);\">. Wenn die \u00fcber Sie verarbeiteten Daten unrichtig sind, haben Sie das Recht, sie berichtigen oder l\u00f6schen zu lassen. Anfragen k\u00f6nnen gestellt werden an: In<\/span>@rea.dk<span style=\"color: var( --e-global-color-text ); font-family: var( --e-global-typography-text-font-family ), Sans-serif; font-size: var( --e-global-typography-text-font-size ); font-weight: var( --e-global-typography-text-font-weight ); text-align: var(--text-align);\">.<\/span><\/p>\n<p>Wenn Sie nicht mehr m\u00f6chten, dass wir Ihre personenbezogenen Daten verarbeiten, oder wenn Sie m\u00f6chten, dass wir die Verarbeitung Ihrer personenbezogenen Daten einschr\u00e4nken, k\u00f6nnen Sie uns auch eine Anfrage an die oben genannte E-Mail-Adresse senden.<\/p>\n<p><b>Herausgeber<\/b><br \/>Diese Website ist Eigentum und wird ver\u00f6ffentlicht von:<\/p>\n<p>REA automatdrejning ApS<br \/>Industrivej 2<br \/>5450 Otterup<br \/>Telefon: 64822006<\/p>\n<p>E-Mail: <a href=\"mailto:mail@rea.dk\">mail@rea.dk<\/a><\/p>\n\t\t\t\t\t\t\t\t<\/div>\n\t\t\t\t<\/div>\n\t\t\t\t\t<\/div>\n\t\t\t\t<\/div>\n\t\t\t\t<\/div>\n\t\t","protected":false},"excerpt":{"rendered":"<p>Cookie- und Datenschutzrichtlinie bei REA EinleitungWenn Sie unsere Website besuchen, werden Informationen \u00fcber Sie gesammelt, die dazu dienen, unsere Inhalte zu personalisieren und zu verbessern und den Wert der auf der Website angezeigten Anzeigen zu erh\u00f6hen. Wenn Sie nicht m\u00f6chten, dass Informationen gesammelt werden, sollten Sie Ihre Cookies l\u00f6schen. Nachfolgend haben wir erl\u00e4utert, welche Informationen [&hellip;]<\/p>\n","protected":false},"author":1,"featured_media":0,"parent":0,"menu_order":0,"comment_status":"closed","ping_status":"closed","template":"","meta":{"footnotes":""},"class_list":["post-11821","page","type-page","status-publish","hentry"],"yoast_head":"<!-- This site is optimized with the Yoast SEO Premium plugin v22.8 (Yoast SEO v27.1.1) - https:\/\/yoast.com\/product\/yoast-seo-premium-wordpress\/ -->\n<title>| REA<\/title>\n<meta name=\"description\" content=\"Cookie- und Datenschutzrichtlinie REA. Wenn Sie unsere Website besuchen, sammeln wir nur die notwendigen Informationen\" \/>\n<meta name=\"robots\" content=\"noindex, follow\" \/>\n<meta property=\"og:locale\" content=\"de_DE\" \/>\n<meta property=\"og:type\" content=\"article\" \/>\n<meta property=\"og:title\" content=\"Cookie- und Datenschutzrichtlinie\" \/>\n<meta property=\"og:description\" content=\"Cookie- und Datenschutzrichtlinie REA. Wenn Sie unsere Website besuchen, sammeln wir nur die notwendigen Informationen\" \/>\n<meta property=\"og:url\" content=\"https:\/\/reatestside.dk\/de\/cookie-und-datenschutzrichtlinie\/\" \/>\n<meta property=\"og:site_name\" content=\"REAs testside\" \/>\n<meta property=\"article:publisher\" content=\"https:\/\/www.facebook.com\/ReaAutomatdrejning\" \/>\n<meta property=\"article:modified_time\" content=\"2024-06-07T07:12:26+00:00\" \/>\n<meta name=\"twitter:card\" content=\"summary_large_image\" \/>\n<meta name=\"twitter:label1\" content=\"Gesch\u00e4tzte Lesezeit\" \/>\n\t<meta name=\"twitter:data1\" content=\"4\u00a0Minuten\" \/>\n<script type=\"application\/ld+json\" class=\"yoast-schema-graph\">{\"@context\":\"https:\/\/schema.org\",\"@graph\":[{\"@type\":\"WebPage\",\"@id\":\"https:\/\/reatestside.dk\/de\/cookie-und-datenschutzrichtlinie\/\",\"url\":\"https:\/\/reatestside.dk\/de\/cookie-und-datenschutzrichtlinie\/\",\"name\":\"| REA\",\"isPartOf\":{\"@id\":\"https:\/\/reatestside.dk\/de\/#website\"},\"datePublished\":\"2024-04-24T12:14:48+00:00\",\"dateModified\":\"2024-06-07T07:12:26+00:00\",\"description\":\"Cookie- und Datenschutzrichtlinie REA. Wenn Sie unsere Website besuchen, sammeln wir nur die notwendigen Informationen\",\"breadcrumb\":{\"@id\":\"https:\/\/reatestside.dk\/de\/cookie-und-datenschutzrichtlinie\/#breadcrumb\"},\"inLanguage\":\"de\",\"potentialAction\":[{\"@type\":\"ReadAction\",\"target\":[\"https:\/\/reatestside.dk\/de\/cookie-und-datenschutzrichtlinie\/\"]}]},{\"@type\":\"BreadcrumbList\",\"@id\":\"https:\/\/reatestside.dk\/de\/cookie-und-datenschutzrichtlinie\/#breadcrumb\",\"itemListElement\":[{\"@type\":\"ListItem\",\"position\":1,\"name\":\"Hjem\",\"item\":\"https:\/\/reatestside.dk\/de\/\"},{\"@type\":\"ListItem\",\"position\":2,\"name\":\"Cookie- und Datenschutzrichtlinie\"}]},{\"@type\":\"WebSite\",\"@id\":\"https:\/\/reatestside.dk\/de\/#website\",\"url\":\"https:\/\/reatestside.dk\/de\/\",\"name\":\"REAs testside\",\"description\":\"Bare endnu et WordPress websted\",\"publisher\":{\"@id\":\"https:\/\/reatestside.dk\/de\/#organization\"},\"potentialAction\":[{\"@type\":\"SearchAction\",\"target\":{\"@type\":\"EntryPoint\",\"urlTemplate\":\"https:\/\/reatestside.dk\/de\/?s={search_term_string}\"},\"query-input\":{\"@type\":\"PropertyValueSpecification\",\"valueRequired\":true,\"valueName\":\"search_term_string\"}}],\"inLanguage\":\"de\"},{\"@type\":\"Organization\",\"@id\":\"https:\/\/reatestside.dk\/de\/#organization\",\"name\":\"REAs testside\",\"url\":\"https:\/\/reatestside.dk\/de\/\",\"logo\":{\"@type\":\"ImageObject\",\"inLanguage\":\"de\",\"@id\":\"https:\/\/reatestside.dk\/de\/#\/schema\/logo\/image\/\",\"url\":\"https:\/\/reatestside.dk\/wp-content\/uploads\/2024\/03\/REA-logo-primaer.png\",\"contentUrl\":\"https:\/\/reatestside.dk\/wp-content\/uploads\/2024\/03\/REA-logo-primaer.png\",\"width\":1500,\"height\":849,\"caption\":\"REAs testside\"},\"image\":{\"@id\":\"https:\/\/reatestside.dk\/de\/#\/schema\/logo\/image\/\"},\"sameAs\":[\"https:\/\/www.facebook.com\/ReaAutomatdrejning\",\"https:\/\/www.instagram.com\/rea_automatdrejning\/\",\"https:\/\/www.linkedin.com\/company\/rea-automatdrejning-aps\/mycompany\/?viewAsMember=true\"]}]}<\/script>\n<!-- \/ Yoast SEO Premium plugin. -->","yoast_head_json":{"title":"| REA","description":"Cookie- und Datenschutzrichtlinie REA. Wenn Sie unsere Website besuchen, sammeln wir nur die notwendigen Informationen","robots":{"index":"noindex","follow":"follow"},"og_locale":"de_DE","og_type":"article","og_title":"Cookie- und Datenschutzrichtlinie","og_description":"Cookie- und Datenschutzrichtlinie REA. Wenn Sie unsere Website besuchen, sammeln wir nur die notwendigen Informationen","og_url":"https:\/\/reatestside.dk\/de\/cookie-und-datenschutzrichtlinie\/","og_site_name":"REAs testside","article_publisher":"https:\/\/www.facebook.com\/ReaAutomatdrejning","article_modified_time":"2024-06-07T07:12:26+00:00","twitter_card":"summary_large_image","twitter_misc":{"Gesch\u00e4tzte Lesezeit":"4\u00a0Minuten"},"schema":{"@context":"https:\/\/schema.org","@graph":[{"@type":"WebPage","@id":"https:\/\/reatestside.dk\/de\/cookie-und-datenschutzrichtlinie\/","url":"https:\/\/reatestside.dk\/de\/cookie-und-datenschutzrichtlinie\/","name":"| REA","isPartOf":{"@id":"https:\/\/reatestside.dk\/de\/#website"},"datePublished":"2024-04-24T12:14:48+00:00","dateModified":"2024-06-07T07:12:26+00:00","description":"Cookie- und Datenschutzrichtlinie REA. Wenn Sie unsere Website besuchen, sammeln wir nur die notwendigen Informationen","breadcrumb":{"@id":"https:\/\/reatestside.dk\/de\/cookie-und-datenschutzrichtlinie\/#breadcrumb"},"inLanguage":"de","potentialAction":[{"@type":"ReadAction","target":["https:\/\/reatestside.dk\/de\/cookie-und-datenschutzrichtlinie\/"]}]},{"@type":"BreadcrumbList","@id":"https:\/\/reatestside.dk\/de\/cookie-und-datenschutzrichtlinie\/#breadcrumb","itemListElement":[{"@type":"ListItem","position":1,"name":"Hjem","item":"https:\/\/reatestside.dk\/de\/"},{"@type":"ListItem","position":2,"name":"Cookie- und Datenschutzrichtlinie"}]},{"@type":"WebSite","@id":"https:\/\/reatestside.dk\/de\/#website","url":"https:\/\/reatestside.dk\/de\/","name":"REAs testside","description":"Bare endnu et WordPress websted","publisher":{"@id":"https:\/\/reatestside.dk\/de\/#organization"},"potentialAction":[{"@type":"SearchAction","target":{"@type":"EntryPoint","urlTemplate":"https:\/\/reatestside.dk\/de\/?s={search_term_string}"},"query-input":{"@type":"PropertyValueSpecification","valueRequired":true,"valueName":"search_term_string"}}],"inLanguage":"de"},{"@type":"Organization","@id":"https:\/\/reatestside.dk\/de\/#organization","name":"REAs testside","url":"https:\/\/reatestside.dk\/de\/","logo":{"@type":"ImageObject","inLanguage":"de","@id":"https:\/\/reatestside.dk\/de\/#\/schema\/logo\/image\/","url":"https:\/\/reatestside.dk\/wp-content\/uploads\/2024\/03\/REA-logo-primaer.png","contentUrl":"https:\/\/reatestside.dk\/wp-content\/uploads\/2024\/03\/REA-logo-primaer.png","width":1500,"height":849,"caption":"REAs testside"},"image":{"@id":"https:\/\/reatestside.dk\/de\/#\/schema\/logo\/image\/"},"sameAs":["https:\/\/www.facebook.com\/ReaAutomatdrejning","https:\/\/www.instagram.com\/rea_automatdrejning\/","https:\/\/www.linkedin.com\/company\/rea-automatdrejning-aps\/mycompany\/?viewAsMember=true"]}]}},"_links":{"self":[{"href":"https:\/\/reatestside.dk\/de\/wp-json\/wp\/v2\/pages\/11821","targetHints":{"allow":["GET"]}}],"collection":[{"href":"https:\/\/reatestside.dk\/de\/wp-json\/wp\/v2\/pages"}],"about":[{"href":"https:\/\/reatestside.dk\/de\/wp-json\/wp\/v2\/types\/page"}],"author":[{"embeddable":true,"href":"https:\/\/reatestside.dk\/de\/wp-json\/wp\/v2\/users\/1"}],"replies":[{"embeddable":true,"href":"https:\/\/reatestside.dk\/de\/wp-json\/wp\/v2\/comments?post=11821"}],"version-history":[{"count":2,"href":"https:\/\/reatestside.dk\/de\/wp-json\/wp\/v2\/pages\/11821\/revisions"}],"predecessor-version":[{"id":11823,"href":"https:\/\/reatestside.dk\/de\/wp-json\/wp\/v2\/pages\/11821\/revisions\/11823"}],"wp:attachment":[{"href":"https:\/\/reatestside.dk\/de\/wp-json\/wp\/v2\/media?parent=11821"}],"curies":[{"name":"wp","href":"https:\/\/api.w.org\/{rel}","templated":true}]}}