{"id":11385,"date":"2024-03-06T10:37:41","date_gmt":"2024-03-06T10:37:41","guid":{"rendered":"https:\/\/reatestside.dk\/datenschutzbestimmungen\/"},"modified":"2024-06-17T07:01:25","modified_gmt":"2024-06-17T07:01:25","slug":"datenschutzbestimmungen","status":"publish","type":"page","link":"https:\/\/reatestside.dk\/de\/datenschutzbestimmungen\/","title":{"rendered":"Datenschutzbestimmungen"},"content":{"rendered":"\t\t<div data-elementor-type=\"wp-page\" data-elementor-id=\"11385\" class=\"elementor elementor-11385 elementor-3\" data-elementor-post-type=\"page\">\n\t\t\t\t<div class=\"elementor-element elementor-element-66bf300e e-flex e-con-boxed e-con e-parent\" data-id=\"66bf300e\" data-element_type=\"container\" data-e-type=\"container\">\n\t\t\t\t\t<div class=\"e-con-inner\">\n\t\t\t\t<div class=\"elementor-element elementor-element-72becd4 elementor-widget elementor-widget-heading\" data-id=\"72becd4\" data-element_type=\"widget\" data-e-type=\"widget\" data-widget_type=\"heading.default\">\n\t\t\t\t<div class=\"elementor-widget-container\">\n\t\t\t\t\t<h2 class=\"elementor-heading-title elementor-size-default\">Datenschutzbestimmungen bei REA  \n<\/h2>\t\t\t\t<\/div>\n\t\t\t\t<\/div>\n\t\t\t\t<div class=\"elementor-element elementor-element-159c36b5 elementor-widget elementor-widget-text-editor\" data-id=\"159c36b5\" data-element_type=\"widget\" data-e-type=\"widget\" data-widget_type=\"text-editor.default\">\n\t\t\t\t<div class=\"elementor-widget-container\">\n\t\t\t\t\t\t\t\t\t<p><span style=\"color: var( --e-global-color-text ); font-family: var( --e-global-typography-text-font-family ), Sans-serif; font-size: var( --e-global-typography-text-font-size ); font-weight: var( --e-global-typography-text-font-weight ); text-align: var(--text-align);\">Wir erheben personenbezogene Daten nur in den F\u00e4llen, in denen sie f\u00fcr uns relevant sind, und wir erheben personenbezogene Daten nur, wenn sie f\u00fcr Ihre T\u00e4tigkeit bei REA AUTOMATDREJNING ApS relevant sind.<\/span><\/p>\n<p>Bei der Erhebung, Verarbeitung und Nutzung Ihrer personenbezogenen Daten halten wir uns stets an alle einschl\u00e4gigen gesetzlichen Bestimmungen.<\/p>\n<p>Wir werden Ihre pers\u00f6nlichen Daten nur so lange aufbewahren, wie wir entweder gesetzlich dazu verpflichtet sind oder solange sie f\u00fcr den Zweck, f\u00fcr den sie erhoben wurden, relevant sind.<\/p>\n<p><strong>Informationen, die wir sammeln<\/strong><\/p>\n<p>Wenn Sie ein Produkt oder eine Dienstleistung von uns kaufen und erhalten m\u00f6chten, m\u00fcssen wir bestimmte personenbezogene Daten erfassen, um die Transaktion durchzuf\u00fchren und Ihnen unsere Dienstleistungen anbieten zu k\u00f6nnen.  <\/p>\n<p>Wir k\u00f6nnen Informationen wie Name, E-Mail-Adresse, Postanschrift, Lieferanschrift und Telefonnummer erfassen.<\/p>\n<p>REA automatdrejning ApS sammelt und verarbeitet Ihre pers\u00f6nlichen Daten, wenn Sie Folgendes tun:<\/p>\n<p>&#8211; Besuchen Sie unsere Website<\/p>\n<p>&#8211; Senden Sie uns Fragen, Beschwerden, Anfragen oder Feedback<\/p>\n<p><strong>Der f\u00fcr die Datenverarbeitung Verantwortliche<\/strong><\/p>\n<p>Der f\u00fcr die Erhebung, Verarbeitung und Nutzung Ihrer personenbezogenen Daten auf www.reatestside.dk Verantwortliche ist CEO Lone Nielsen von REA AUTOMATDREJNING ApS, Industrivej 2, 5450 Otterup, CVR Nr. 49161328<\/p>\n<p><strong>Grundlage und Zwecke der Verarbeitung<\/strong><\/p>\n<p>Wir erfassen Ihre allgemeinen Kontaktinformationen wie Name und Adresse, um das Produkt oder die Dienstleistung, die Sie bei uns gekauft haben, zu liefern. Wir erfassen Ihre E-Mail-Adresse, um den Dialog mit Ihnen aufrechtzuerhalten und Ihnen eine Bestellbest\u00e4tigung und eine Lieferbest\u00e4tigung zu senden.<\/p>\n<p>Ihre Daten (mit Ausnahme Ihrer E-Mail-Adresse, wenn Sie in deren Verarbeitung zum Zwecke des Erhalts von Angeboten eingewilligt haben) werden gel\u00f6scht, wenn sie nicht mehr relevant sind.<\/p>\n<p><strong>Andere Empf\u00e4nger von pers\u00f6nlichen Daten<\/strong><\/p>\n<p>Wir verkaufen Ihre pers\u00f6nlichen Daten nicht an Dritte und wir \u00fcbermitteln Ihre pers\u00f6nlichen Daten nicht an Drittl\u00e4nder.<\/p>\n<p>Wir haben unsere Website unter Nordicway.dk , die als unser Datenverarbeiter fungiert. Alle pers\u00f6nlichen Daten, die Sie auf unserer Website angeben, werden in den Datenzentren von Nordicway.dk gespeichert.<\/p>\n<p>Wir nutzen externe Unternehmen als Lieferanten, um unsere Dienstleistungen bestm\u00f6glich zu erbringen. Diese externen Lieferanten sind Datenverarbeiter und verarbeiten in einigen F\u00e4llen personenbezogene Daten im Zusammenhang mit der Erbringung ihrer Dienstleistungen f\u00fcr uns. Unsere Datenverarbeiter verarbeiten personenbezogene Daten nur nach unseren Anweisungen und in \u00dcbereinstimmung mit den gesetzlichen Anforderungen an Datenverarbeiter.<\/p>\n<p>Wir haben mit unseren Datenverarbeitern Vertr\u00e4ge \u00fcber die Datenverarbeitung abgeschlossen. Dies ist unsere Garantie daf\u00fcr, dass sie die geltenden Vorschriften zum Schutz Ihrer personenbezogenen Daten einhalten.<\/p>\n<p><strong>Ihre Rechte<\/strong><\/p>\n<p>Als betroffene Person haben Sie eine Reihe von Rechten, deren Einhaltung wir jederzeit sicherstellen m\u00fcssen. Sie haben das Recht, Folgendes von uns zu verlangen:<br \/>&#8211; Zugriff auf und Korrektur\/\u00c4nderung Ihrer pers\u00f6nlichen Daten<br \/>&#8211; Um pers\u00f6nliche Daten l\u00f6schen zu lassen<\/p>\n<p>Sie haben auch das Recht, der Verarbeitung Ihrer personenbezogenen Daten zu widersprechen, und Sie haben das Recht, eine Beschwerde bei einer Datenschutzbeh\u00f6rde einzureichen.<\/p>\n<p>Wenn Sie nicht mehr m\u00f6chten, dass wir Ihre personenbezogenen Daten verarbeiten, oder wenn Sie m\u00f6chten, dass wir die Verarbeitung Ihrer personenbezogenen Daten einschr\u00e4nken, k\u00f6nnen Sie uns auch eine entsprechende Anfrage an unsere E-Mail-Adresse <a href=\"mailto:mail@rea.dk\">ln@rea.dk<\/a> senden <a href=\"mailto:mail@rea.dk\">.<\/a><\/p>\n<p><strong>Bewerbungen<\/strong><\/p>\n<p>Wir freuen uns \u00fcber Bewerbungen.  <\/p>\n<p>Wenn Sie uns Ihre Bewerbung schicken, ist unsere Rechtsgrundlage f\u00fcr die Verarbeitung Ihrer personenbezogenen Daten Artikel 6 (1) (b) der Allgemeinen Datenschutzverordnung.  <\/p>\n<p>Wenn Sie eine Initiativbewerbung geschickt haben, pr\u00fcft die Personalabteilung, ob Ihre Bewerbung relevant ist und l\u00f6scht Ihre Daten wieder, wenn es keine \u00dcbereinstimmung gibt. Dies wird innerhalb von 6 Monaten geschehen.<\/p>\n<p><span style=\"color: var( --e-global-color-text ); font-family: var( --e-global-typography-text-font-family ), Sans-serif; font-size: var( --e-global-typography-text-font-size ); font-weight: var( --e-global-typography-text-font-weight ); text-align: var(--text-align);\">Wenn Sie Teil eines Rekrutierungsprozesses sind und\/oder f\u00fcr die Stelle eingestellt werden, werden wir Sie gesondert dar\u00fcber informieren, wie wir Ihre personenbezogenen Daten in diesem Zusammenhang verarbeiten.<\/span><\/p>\n\t\t\t\t\t\t\t\t<\/div>\n\t\t\t\t<\/div>\n\t\t\t\t\t<\/div>\n\t\t\t\t<\/div>\n\t\t\t\t<\/div>\n\t\t","protected":false},"excerpt":{"rendered":"<p>Datenschutzbestimmungen bei REA Wir erheben personenbezogene Daten nur in den F\u00e4llen, in denen sie f\u00fcr uns relevant sind, und wir erheben personenbezogene Daten nur, wenn sie f\u00fcr Ihre T\u00e4tigkeit bei REA AUTOMATDREJNING ApS relevant sind. Bei der Erhebung, Verarbeitung und Nutzung Ihrer personenbezogenen Daten halten wir uns stets an alle einschl\u00e4gigen gesetzlichen Bestimmungen. Wir werden [&hellip;]<\/p>\n","protected":false},"author":1,"featured_media":0,"parent":0,"menu_order":0,"comment_status":"closed","ping_status":"open","template":"","meta":{"footnotes":""},"class_list":["post-11385","page","type-page","status-publish","hentry"],"yoast_head":"<!-- This site is optimized with the Yoast SEO Premium plugin v22.8 (Yoast SEO v27.1.1) - https:\/\/yoast.com\/product\/yoast-seo-premium-wordpress\/ -->\n<title>| REA<\/title>\n<meta name=\"description\" content=\"Erhalten Sie Einblick in die Datenschutzbestimmungen von REA AUTOMATDREJNING ApS. Wir sammeln nur relevante personenbezogene Daten und sorgen f\u00fcr eine ordnungsgem\u00e4\u00dfe Verarbeitung und Speicherung.\" \/>\n<meta name=\"robots\" content=\"noindex, follow, max-snippet:-1, max-image-preview:large, max-video-preview:-1\" \/>\n<meta property=\"og:locale\" content=\"de_DE\" \/>\n<meta property=\"og:type\" content=\"article\" \/>\n<meta property=\"og:title\" content=\"Datenschutzbestimmungen\" \/>\n<meta property=\"og:description\" content=\"Erhalten Sie Einblick in die Datenschutzbestimmungen von REA AUTOMATDREJNING ApS. Wir sammeln nur relevante personenbezogene Daten und sorgen f\u00fcr eine ordnungsgem\u00e4\u00dfe Verarbeitung und Speicherung.\" \/>\n<meta property=\"og:url\" content=\"https:\/\/reatestside.dk\/de\/datenschutzbestimmungen\/\" \/>\n<meta property=\"og:site_name\" content=\"REAs testside\" \/>\n<meta property=\"article:publisher\" content=\"https:\/\/www.facebook.com\/ReaAutomatdrejning\" \/>\n<meta property=\"article:modified_time\" content=\"2024-06-17T07:01:25+00:00\" \/>\n<meta name=\"twitter:card\" content=\"summary_large_image\" \/>\n<meta name=\"twitter:label1\" content=\"Gesch\u00e4tzte Lesezeit\" \/>\n\t<meta name=\"twitter:data1\" content=\"4\u00a0Minuten\" \/>\n<script type=\"application\/ld+json\" class=\"yoast-schema-graph\">{\"@context\":\"https:\/\/schema.org\",\"@graph\":[{\"@type\":\"WebPage\",\"@id\":\"https:\/\/reatestside.dk\/de\/datenschutzbestimmungen\/\",\"url\":\"https:\/\/reatestside.dk\/de\/datenschutzbestimmungen\/\",\"name\":\"| REA\",\"isPartOf\":{\"@id\":\"https:\/\/reatestside.dk\/de\/#website\"},\"datePublished\":\"2024-03-06T10:37:41+00:00\",\"dateModified\":\"2024-06-17T07:01:25+00:00\",\"description\":\"Erhalten Sie Einblick in die Datenschutzbestimmungen von REA AUTOMATDREJNING ApS. Wir sammeln nur relevante personenbezogene Daten und sorgen f\u00fcr eine ordnungsgem\u00e4\u00dfe Verarbeitung und Speicherung.\",\"breadcrumb\":{\"@id\":\"https:\/\/reatestside.dk\/de\/datenschutzbestimmungen\/#breadcrumb\"},\"inLanguage\":\"de\",\"potentialAction\":[{\"@type\":\"ReadAction\",\"target\":[\"https:\/\/reatestside.dk\/de\/datenschutzbestimmungen\/\"]}]},{\"@type\":\"BreadcrumbList\",\"@id\":\"https:\/\/reatestside.dk\/de\/datenschutzbestimmungen\/#breadcrumb\",\"itemListElement\":[{\"@type\":\"ListItem\",\"position\":1,\"name\":\"Hjem\",\"item\":\"https:\/\/reatestside.dk\/de\/\"},{\"@type\":\"ListItem\",\"position\":2,\"name\":\"Datenschutzbestimmungen\"}]},{\"@type\":\"WebSite\",\"@id\":\"https:\/\/reatestside.dk\/de\/#website\",\"url\":\"https:\/\/reatestside.dk\/de\/\",\"name\":\"REAs testside\",\"description\":\"Bare endnu et WordPress websted\",\"publisher\":{\"@id\":\"https:\/\/reatestside.dk\/de\/#organization\"},\"potentialAction\":[{\"@type\":\"SearchAction\",\"target\":{\"@type\":\"EntryPoint\",\"urlTemplate\":\"https:\/\/reatestside.dk\/de\/?s={search_term_string}\"},\"query-input\":{\"@type\":\"PropertyValueSpecification\",\"valueRequired\":true,\"valueName\":\"search_term_string\"}}],\"inLanguage\":\"de\"},{\"@type\":\"Organization\",\"@id\":\"https:\/\/reatestside.dk\/de\/#organization\",\"name\":\"REAs testside\",\"url\":\"https:\/\/reatestside.dk\/de\/\",\"logo\":{\"@type\":\"ImageObject\",\"inLanguage\":\"de\",\"@id\":\"https:\/\/reatestside.dk\/de\/#\/schema\/logo\/image\/\",\"url\":\"https:\/\/reatestside.dk\/wp-content\/uploads\/2024\/03\/REA-logo-primaer.png\",\"contentUrl\":\"https:\/\/reatestside.dk\/wp-content\/uploads\/2024\/03\/REA-logo-primaer.png\",\"width\":1500,\"height\":849,\"caption\":\"REAs testside\"},\"image\":{\"@id\":\"https:\/\/reatestside.dk\/de\/#\/schema\/logo\/image\/\"},\"sameAs\":[\"https:\/\/www.facebook.com\/ReaAutomatdrejning\",\"https:\/\/www.instagram.com\/rea_automatdrejning\/\",\"https:\/\/www.linkedin.com\/company\/rea-automatdrejning-aps\/mycompany\/?viewAsMember=true\"]}]}<\/script>\n<!-- \/ Yoast SEO Premium plugin. -->","yoast_head_json":{"title":"| REA","description":"Erhalten Sie Einblick in die Datenschutzbestimmungen von REA AUTOMATDREJNING ApS. Wir sammeln nur relevante personenbezogene Daten und sorgen f\u00fcr eine ordnungsgem\u00e4\u00dfe Verarbeitung und Speicherung.","robots":{"index":"noindex","follow":"follow","max-snippet":"max-snippet:-1","max-image-preview":"max-image-preview:large","max-video-preview":"max-video-preview:-1"},"og_locale":"de_DE","og_type":"article","og_title":"Datenschutzbestimmungen","og_description":"Erhalten Sie Einblick in die Datenschutzbestimmungen von REA AUTOMATDREJNING ApS. Wir sammeln nur relevante personenbezogene Daten und sorgen f\u00fcr eine ordnungsgem\u00e4\u00dfe Verarbeitung und Speicherung.","og_url":"https:\/\/reatestside.dk\/de\/datenschutzbestimmungen\/","og_site_name":"REAs testside","article_publisher":"https:\/\/www.facebook.com\/ReaAutomatdrejning","article_modified_time":"2024-06-17T07:01:25+00:00","twitter_card":"summary_large_image","twitter_misc":{"Gesch\u00e4tzte Lesezeit":"4\u00a0Minuten"},"schema":{"@context":"https:\/\/schema.org","@graph":[{"@type":"WebPage","@id":"https:\/\/reatestside.dk\/de\/datenschutzbestimmungen\/","url":"https:\/\/reatestside.dk\/de\/datenschutzbestimmungen\/","name":"| REA","isPartOf":{"@id":"https:\/\/reatestside.dk\/de\/#website"},"datePublished":"2024-03-06T10:37:41+00:00","dateModified":"2024-06-17T07:01:25+00:00","description":"Erhalten Sie Einblick in die Datenschutzbestimmungen von REA AUTOMATDREJNING ApS. Wir sammeln nur relevante personenbezogene Daten und sorgen f\u00fcr eine ordnungsgem\u00e4\u00dfe Verarbeitung und Speicherung.","breadcrumb":{"@id":"https:\/\/reatestside.dk\/de\/datenschutzbestimmungen\/#breadcrumb"},"inLanguage":"de","potentialAction":[{"@type":"ReadAction","target":["https:\/\/reatestside.dk\/de\/datenschutzbestimmungen\/"]}]},{"@type":"BreadcrumbList","@id":"https:\/\/reatestside.dk\/de\/datenschutzbestimmungen\/#breadcrumb","itemListElement":[{"@type":"ListItem","position":1,"name":"Hjem","item":"https:\/\/reatestside.dk\/de\/"},{"@type":"ListItem","position":2,"name":"Datenschutzbestimmungen"}]},{"@type":"WebSite","@id":"https:\/\/reatestside.dk\/de\/#website","url":"https:\/\/reatestside.dk\/de\/","name":"REAs testside","description":"Bare endnu et WordPress websted","publisher":{"@id":"https:\/\/reatestside.dk\/de\/#organization"},"potentialAction":[{"@type":"SearchAction","target":{"@type":"EntryPoint","urlTemplate":"https:\/\/reatestside.dk\/de\/?s={search_term_string}"},"query-input":{"@type":"PropertyValueSpecification","valueRequired":true,"valueName":"search_term_string"}}],"inLanguage":"de"},{"@type":"Organization","@id":"https:\/\/reatestside.dk\/de\/#organization","name":"REAs testside","url":"https:\/\/reatestside.dk\/de\/","logo":{"@type":"ImageObject","inLanguage":"de","@id":"https:\/\/reatestside.dk\/de\/#\/schema\/logo\/image\/","url":"https:\/\/reatestside.dk\/wp-content\/uploads\/2024\/03\/REA-logo-primaer.png","contentUrl":"https:\/\/reatestside.dk\/wp-content\/uploads\/2024\/03\/REA-logo-primaer.png","width":1500,"height":849,"caption":"REAs testside"},"image":{"@id":"https:\/\/reatestside.dk\/de\/#\/schema\/logo\/image\/"},"sameAs":["https:\/\/www.facebook.com\/ReaAutomatdrejning","https:\/\/www.instagram.com\/rea_automatdrejning\/","https:\/\/www.linkedin.com\/company\/rea-automatdrejning-aps\/mycompany\/?viewAsMember=true"]}]}},"_links":{"self":[{"href":"https:\/\/reatestside.dk\/de\/wp-json\/wp\/v2\/pages\/11385","targetHints":{"allow":["GET"]}}],"collection":[{"href":"https:\/\/reatestside.dk\/de\/wp-json\/wp\/v2\/pages"}],"about":[{"href":"https:\/\/reatestside.dk\/de\/wp-json\/wp\/v2\/types\/page"}],"author":[{"embeddable":true,"href":"https:\/\/reatestside.dk\/de\/wp-json\/wp\/v2\/users\/1"}],"replies":[{"embeddable":true,"href":"https:\/\/reatestside.dk\/de\/wp-json\/wp\/v2\/comments?post=11385"}],"version-history":[{"count":3,"href":"https:\/\/reatestside.dk\/de\/wp-json\/wp\/v2\/pages\/11385\/revisions"}],"predecessor-version":[{"id":13817,"href":"https:\/\/reatestside.dk\/de\/wp-json\/wp\/v2\/pages\/11385\/revisions\/13817"}],"wp:attachment":[{"href":"https:\/\/reatestside.dk\/de\/wp-json\/wp\/v2\/media?parent=11385"}],"curies":[{"name":"wp","href":"https:\/\/api.w.org\/{rel}","templated":true}]}}